{"id":824,"date":"2025-12-13T22:22:44","date_gmt":"2025-12-13T22:22:44","guid":{"rendered":"https:\/\/oksanabreeding.com\/?page_id=824"},"modified":"2025-12-13T22:35:09","modified_gmt":"2025-12-13T22:35:09","slug":"guide-officiel-alimentation-et-proprete","status":"publish","type":"page","link":"https:\/\/oksanabreeding.com\/es\/guide-officiel-alimentation-et-proprete\/","title":{"rendered":"Gu\u00eda oficial, alimentaci\u00f3n e higiene."},"content":{"rendered":"<div data-elementor-type=\"wp-page\" data-elementor-id=\"824\" class=\"elementor elementor-824\" data-elementor-post-type=\"page\">\n\t\t\t\t<div class=\"elementor-element elementor-element-b6c7ffe e-flex e-con-boxed e-con e-parent\" data-id=\"b6c7ffe\" data-element_type=\"container\">\n\t\t\t\t\t<div class=\"e-con-inner\">\n\t\t\t\t<div class=\"elementor-element elementor-element-b788990 elementor-widget elementor-widget-heading\" data-id=\"b788990\" data-element_type=\"widget\" data-widget_type=\"heading.default\">\n\t\t\t\t\t<h3 class=\"elementor-heading-title elementor-size-default\">Gu\u00eda oficial de cuidados, alimentaci\u00f3n y limpieza<\/h3>\t\t\t\t<\/div>\n\t\t\t\t\t<\/div>\n\t\t\t\t<\/div>\n\t\t<div class=\"elementor-element elementor-element-2943284 e-flex e-con-boxed e-con e-parent\" data-id=\"2943284\" data-element_type=\"container\">\n\t\t\t\t\t<div class=\"e-con-inner\">\n\t\t\t\t<div class=\"elementor-element elementor-element-4fabedb elementor-widget elementor-widget-text-editor\" data-id=\"4fabedb\" data-element_type=\"widget\" data-widget_type=\"text-editor.default\">\n\t\t\t\t\t\t\t\t\t<p data-start=\"453\" data-end=\"502\">Felicidades por adoptar a tu cachorro \ud83d\udc36<\/p><p data-start=\"504\" data-end=\"715\">Este video oficial fue dise\u00f1ado para apoyar a los nuevos propietarios de <strong data-start=\"587\" data-end=\"612\">perros de razas peque\u00f1as<\/strong>, en particular <strong data-start=\"624\" data-end=\"664\">Maltipoo, Spitz miniatura y Caniche miniatura<\/strong>, durante las primeras semanas posteriores a la adopci\u00f3n.<\/p><p data-start=\"717\" data-end=\"947\">Encontrar\u00e1s all\u00ed <strong data-start=\"738\" data-end=\"801\">Instrucciones esenciales para el mantenimiento, cuidado y educaci\u00f3n<\/strong>, espec\u00edficamente adaptado para cachorros de razas muy peque\u00f1as, cuyas necesidades fisiol\u00f3gicas y emocionales requieren una atenci\u00f3n especial.<\/p><p data-start=\"949\" data-end=\"992\">En este v\u00eddeo discutiremos, entre otras cosas:<\/p><ul data-start=\"993\" data-end=\"1433\"><li data-start=\"993\" data-end=\"1067\"><p data-start=\"995\" data-end=\"1067\">EL <strong data-start=\"999\" data-end=\"1020\">primeras salidas<\/strong> y la adaptaci\u00f3n gradual a la temperatura<\/p><\/li><li data-start=\"1068\" data-end=\"1145\"><p data-start=\"1070\" data-end=\"1145\">Las reglas de<strong data-start=\"1083\" data-end=\"1099\">alimento<\/strong>Sin golosinas durante el per\u00edodo inicial<\/p><\/li><li data-start=\"1146\" data-end=\"1212\"><p data-start=\"1148\" data-end=\"1212\">All\u00e1 <strong data-start=\"1151\" data-end=\"1181\">frecuencia ideal de comidas<\/strong> para un cachorro de raza peque\u00f1a<\/p><\/li><li data-start=\"1213\" data-end=\"1282\"><p data-start=\"1215\" data-end=\"1282\">Los m\u00e9todos recomendados para<strong data-start=\"1248\" data-end=\"1280\">entrenamiento para ir al ba\u00f1o<\/strong><\/p><\/li><li data-start=\"1283\" data-end=\"1348\"><p data-start=\"1285\" data-end=\"1348\">La importancia del medio ambiente <strong data-start=\"1317\" data-end=\"1346\">tranquilo, estable y seguro<\/strong><\/p><\/li><li data-start=\"1349\" data-end=\"1433\"><p data-start=\"1351\" data-end=\"1433\">Los compromisos esenciales para garantizar la <strong data-start=\"1399\" data-end=\"1433\">salud y bienestar de los cachorros<\/strong><\/p><\/li><\/ul><p data-start=\"1435\" data-end=\"1566\">\u26a0\ufe0f No seguir estas recomendaciones puede provocar problemas digestivos, estr\u00e9s o complicaciones de salud evitables.<\/p><p data-start=\"1568\" data-end=\"1752\">Este video es para todos los compradores que desean darle a su cachorro la <strong data-start=\"1650\" data-end=\"1692\">mejores condiciones de desarrollo<\/strong>, en un trato responsable y respetuoso con el animal.<\/p><p data-start=\"1754\" data-end=\"1846\">\ud83d\udccc V\u00eddeo educativo para conservar y consultar peri\u00f3dicamente durante las primeras semanas.<\/p>\t\t\t\t\t\t\t\t<\/div>\n\t\t\t\t<div class=\"elementor-element elementor-element-c23a7af elementor-widget elementor-widget-video\" data-id=\"c23a7af\" data-element_type=\"widget\" data-settings=\"{&quot;youtube_url&quot;:&quot;https:\\\/\\\/youtu.be\\\/9prO7qeKSdQ&quot;,&quot;autoplay&quot;:&quot;yes&quot;,&quot;play_on_mobile&quot;:&quot;yes&quot;,&quot;loop&quot;:&quot;yes&quot;,&quot;video_type&quot;:&quot;youtube&quot;,&quot;controls&quot;:&quot;yes&quot;}\" data-widget_type=\"video.default\">\n\t\t\t\t\t\t\t<div class=\"elementor-wrapper elementor-open-inline\">\n\t\t\t<div class=\"elementor-video\"><\/div>\t\t<\/div>\n\t\t\t\t\t\t<\/div>\n\t\t\t\t\t<\/div>\n\t\t\t\t<\/div>\n\t\t\t\t<\/div>","protected":false},"excerpt":{"rendered":"<p>Guide officiel d\u2019entretien, alimentation et propret\u00e9 F\u00e9licitations pour l\u2019adoption de votre chiot \ud83d\udc36 Cette vid\u00e9o officielle a \u00e9t\u00e9 con\u00e7ue pour accompagner les nouveaux propri\u00e9taires de chiens<span class=\"excerpt-hellip\"> [\u2026]<\/span><\/p>","protected":false},"author":1,"featured_media":0,"parent":0,"menu_order":0,"comment_status":"closed","ping_status":"closed","template":"","meta":{"footnotes":""},"class_list":["post-824","page","type-page","status-publish","hentry"],"_links":{"self":[{"href":"https:\/\/oksanabreeding.com\/es\/wp-json\/wp\/v2\/pages\/824","targetHints":{"allow":["GET"]}}],"collection":[{"href":"https:\/\/oksanabreeding.com\/es\/wp-json\/wp\/v2\/pages"}],"about":[{"href":"https:\/\/oksanabreeding.com\/es\/wp-json\/wp\/v2\/types\/page"}],"author":[{"embeddable":true,"href":"https:\/\/oksanabreeding.com\/es\/wp-json\/wp\/v2\/users\/1"}],"replies":[{"embeddable":true,"href":"https:\/\/oksanabreeding.com\/es\/wp-json\/wp\/v2\/comments?post=824"}],"version-history":[{"count":5,"href":"https:\/\/oksanabreeding.com\/es\/wp-json\/wp\/v2\/pages\/824\/revisions"}],"predecessor-version":[{"id":832,"href":"https:\/\/oksanabreeding.com\/es\/wp-json\/wp\/v2\/pages\/824\/revisions\/832"}],"wp:attachment":[{"href":"https:\/\/oksanabreeding.com\/es\/wp-json\/wp\/v2\/media?parent=824"}],"curies":[{"name":"wp","href":"https:\/\/api.w.org\/{rel}","templated":true}]}}