{"id":798,"date":"2025-11-26T21:15:31","date_gmt":"2025-11-26T21:15:31","guid":{"rendered":"https:\/\/oksanabreeding.com\/?post_type=product&#038;p=798"},"modified":"2025-12-25T01:19:57","modified_gmt":"2025-12-25T01:19:57","slug":"caniche-toy","status":"publish","type":"product","link":"https:\/\/oksanabreeding.com\/es\/product\/caniche-toy\/","title":{"rendered":"Caniche toy"},"content":{"rendered":"<p><strong>Ref.: 250269611399853<\/strong><\/p>\n<p data-start=\"72\" data-end=\"129\"><strong data-start=\"72\" data-end=\"129\">Dos caniches toy hembras \u2013 Disponibles de inmediato<\/strong><\/p>\n<p data-start=\"131\" data-end=\"376\">Adorables caniches toy hembras de entre <strong data-start=\"171\" data-end=\"181\">3 meses<\/strong>, De color albaricoque, con pelaje suave y rizado. Son juguetones, cari\u00f1osos y perfectamente sociables. Su peque\u00f1o tama\u00f1o los convierte en compa\u00f1eros ideales para vivir en apartamentos o casas.<\/p>\n<ul data-start=\"378\" data-end=\"578\">\n<li data-start=\"378\" data-end=\"398\">\n<p data-start=\"380\" data-end=\"398\"><strong data-start=\"380\" data-end=\"389\">Edad :<\/strong> 3 meses<\/p>\n<\/li>\n<li data-start=\"399\" data-end=\"422\">\n<p data-start=\"401\" data-end=\"422\"><strong data-start=\"401\" data-end=\"411\">Sexo:<\/strong> Hembras<\/p>\n<\/li>\n<li data-start=\"423\" data-end=\"465\">\n<p data-start=\"425\" data-end=\"465\"><strong data-start=\"425\" data-end=\"450\">Peso estimado del adulto:<\/strong> 2,2 \u2013 2,5 kilogramos<\/p>\n<\/li>\n<li data-start=\"466\" data-end=\"522\">\n<p data-start=\"468\" data-end=\"522\"><strong data-start=\"468\" data-end=\"483\">Personaje :<\/strong> Gentil, cari\u00f1oso, muy sociable.<\/p>\n<\/li>\n<li data-start=\"523\" data-end=\"558\">\n<p data-start=\"525\" data-end=\"558\"><strong data-start=\"525\" data-end=\"535\">Estado :<\/strong> Disponible de inmediato<\/p>\n<\/li>\n<\/ul>\n<p data-start=\"580\" data-end=\"662\" data-is-last-node=\"\" data-is-only-node=\"\">Perfecto para una familia, una sola persona o como un adorable compa\u00f1ero de vida.<\/p>","protected":false},"excerpt":{"rendered":"<p><strong>Ref.: 250269611399853 \/ 250269611430108<\/strong><\/p>\n<p data-start=\"72\" data-end=\"129\"><strong data-start=\"72\" data-end=\"129\">Dos caniches toy hembras \u2013 Disponibles de inmediato<\/strong><\/p>\n<p data-start=\"131\" data-end=\"376\">Adorables caniches toy hembras de entre <strong data-start=\"171\" data-end=\"181\">3 meses<\/strong>, De color albaricoque, con pelaje suave y rizado. Son juguetones, cari\u00f1osos y perfectamente sociables. Su peque\u00f1o tama\u00f1o los convierte en compa\u00f1eros ideales para vivir en apartamentos o casas.<\/p>\n<ul data-start=\"378\" data-end=\"578\">\n<li data-start=\"378\" data-end=\"398\">\n<p data-start=\"380\" data-end=\"398\"><strong data-start=\"380\" data-end=\"389\">Edad :<\/strong> 3 meses<\/p>\n<\/li>\n<li data-start=\"399\" data-end=\"422\">\n<p data-start=\"401\" data-end=\"422\"><strong data-start=\"401\" data-end=\"411\">Sexo:<\/strong> Hembras<\/p>\n<\/li>\n<li data-start=\"423\" data-end=\"465\">\n<p data-start=\"425\" data-end=\"465\"><strong data-start=\"425\" data-end=\"450\">Peso estimado del adulto:<\/strong> 2,2 \u2013 2,5 kilogramos<\/p>\n<\/li>\n<li data-start=\"466\" data-end=\"522\">\n<p data-start=\"468\" data-end=\"522\"><strong data-start=\"468\" data-end=\"483\">Personaje :<\/strong> Gentil, cari\u00f1oso, muy sociable.<\/p>\n<\/li>\n<li data-start=\"523\" data-end=\"558\">\n<p data-start=\"525\" data-end=\"558\"><strong data-start=\"525\" data-end=\"535\">Estado :<\/strong> Disponible de inmediato<\/p>\n<\/li>\n<\/ul>\n<p data-start=\"580\" data-end=\"662\" data-is-last-node=\"\" data-is-only-node=\"\">Perfecto para una familia, una sola persona o como un adorable compa\u00f1ero de vida.<\/p>\n<p data-start=\"472\" data-end=\"694\">Sus grandes y brillantes ojos negros le confieren una mirada curiosa y ligeramente t\u00edmida. Sus peque\u00f1as orejas triangulares, erguidas pero parcialmente ocultas por la densidad de su pelaje, realzan a\u00fan m\u00e1s su encanto.<\/p>","protected":false},"featured_media":799,"comment_status":"open","ping_status":"closed","template":"","meta":[],"product_brand":[],"product_cat":[24,30],"product_tag":[33,34],"class_list":{"0":"post-798","1":"product","2":"type-product","3":"status-publish","4":"has-post-thumbnail","6":"product_cat-caniche","7":"product_cat-female-caniche","8":"product_tag-caniche","9":"product_tag-toy","11":"first","12":"instock","13":"shipping-taxable","14":"purchasable","15":"product-type-simple"},"_links":{"self":[{"href":"https:\/\/oksanabreeding.com\/es\/wp-json\/wp\/v2\/product\/798","targetHints":{"allow":["GET"]}}],"collection":[{"href":"https:\/\/oksanabreeding.com\/es\/wp-json\/wp\/v2\/product"}],"about":[{"href":"https:\/\/oksanabreeding.com\/es\/wp-json\/wp\/v2\/types\/product"}],"replies":[{"embeddable":true,"href":"https:\/\/oksanabreeding.com\/es\/wp-json\/wp\/v2\/comments?post=798"}],"wp:featuredmedia":[{"embeddable":true,"href":"https:\/\/oksanabreeding.com\/es\/wp-json\/wp\/v2\/media\/799"}],"wp:attachment":[{"href":"https:\/\/oksanabreeding.com\/es\/wp-json\/wp\/v2\/media?parent=798"}],"wp:term":[{"taxonomy":"product_brand","embeddable":true,"href":"https:\/\/oksanabreeding.com\/es\/wp-json\/wp\/v2\/product_brand?post=798"},{"taxonomy":"product_cat","embeddable":true,"href":"https:\/\/oksanabreeding.com\/es\/wp-json\/wp\/v2\/product_cat?post=798"},{"taxonomy":"product_tag","embeddable":true,"href":"https:\/\/oksanabreeding.com\/es\/wp-json\/wp\/v2\/product_tag?post=798"}],"curies":[{"name":"wp","href":"https:\/\/api.w.org\/{rel}","templated":true}]}}