{"id":821,"date":"2025-12-04T00:07:03","date_gmt":"2025-12-04T00:07:03","guid":{"rendered":"https:\/\/oksanabreeding.com\/?post_type=product&#038;p=821"},"modified":"2025-12-04T00:10:17","modified_gmt":"2025-12-04T00:10:17","slug":"maltipoo-toy-01","status":"publish","type":"product","link":"https:\/\/oksanabreeding.com\/es\/product\/maltipoo-toy-01\/","title":{"rendered":"Maltipoo de juguete"},"content":{"rendered":"<p><strong>Ref.: 25026961153311883<\/strong><\/p>\n<p data-start=\"211\" data-end=\"536\">EL <strong data-start=\"214\" data-end=\"230\">Maltipoo de juguete<\/strong> Es un peque\u00f1o compa\u00f1ero con un encanto irresistible, reconocido por su dulzura, inteligencia y su apariencia de osito de peluche viviente. Es el resultado del cruce entre un <strong data-start=\"381\" data-end=\"396\">Caniche toy<\/strong> y uno <strong data-start=\"403\" data-end=\"421\">Bich\u00f3n malt\u00e9s<\/strong>, Hereda lo mejor de ambas razas: un pelaje sedoso, un car\u00e1cter cari\u00f1oso y un gran ingenio.<\/p>\n<p data-start=\"538\" data-end=\"794\">Su peque\u00f1o tama\u00f1o lo convierte en un perro ideal para vivir en un apartamento o en la ciudad, a la vez que es robusto y en\u00e9rgico. Gracias a su pelaje hipoalerg\u00e9nico, suave y ligeramente ondulado, el Maltipoo Toy es ideal para personas con alergias.<\/p>\n<p data-start=\"796\" data-end=\"1040\">Sus ojos expresivos, sus orejas delicadamente ca\u00eddas y su fino hocico le confieren una apariencia siempre encantadora. Siempre alegre y muy sociable, le encanta ser el centro de atenci\u00f3n y crea un v\u00ednculo muy fuerte con su familia.<\/p>\n<h2 data-start=\"1047\" data-end=\"1084\"><strong data-start=\"1050\" data-end=\"1084\">\u2728 Caracter\u00edsticas principales<\/strong><\/h2>\n<ul data-start=\"1085\" data-end=\"1454\">\n<li data-start=\"1085\" data-end=\"1123\">\n<p data-start=\"1087\" data-end=\"1123\"><strong data-start=\"1087\" data-end=\"1099\">Tama\u00f1o :<\/strong> Juguete (extremadamente peque\u00f1o)<\/p>\n<\/li>\n<li data-start=\"1124\" data-end=\"1165\">\n<p data-start=\"1126\" data-end=\"1165\"><strong data-start=\"1126\" data-end=\"1144\">Peso adulto:<\/strong> aproximadamente 1,5 a 2,2 kg<\/p>\n<\/li>\n<li data-start=\"1166\" data-end=\"1232\">\n<p data-start=\"1168\" data-end=\"1232\"><strong data-start=\"1168\" data-end=\"1183\">Personaje :<\/strong> cari\u00f1oso, juguet\u00f3n, inteligente, muy sociable<\/p>\n<\/li>\n<li data-start=\"1233\" data-end=\"1288\">\n<p data-start=\"1235\" data-end=\"1288\"><strong data-start=\"1235\" data-end=\"1245\">Cabello :<\/strong> hipoalerg\u00e9nico, suave, rizado u ondulado<\/p>\n<\/li>\n<li data-start=\"1289\" data-end=\"1362\">\n<p data-start=\"1291\" data-end=\"1362\"><strong data-start=\"1291\" data-end=\"1305\">Adecuado para:<\/strong> familias, personas solas, apartamentos, ni\u00f1os dulces<\/p>\n<\/li>\n<li data-start=\"1363\" data-end=\"1415\">\n<p data-start=\"1365\" data-end=\"1415\"><strong data-start=\"1365\" data-end=\"1380\">Entrevista :<\/strong> Cepillado regular, cuidado del pelaje.<\/p>\n<\/li>\n<li data-start=\"1416\" data-end=\"1454\">\n<p data-start=\"1418\" data-end=\"1454\"><strong data-start=\"1418\" data-end=\"1440\">Esperanza de vida:<\/strong> de 12 a 15 a\u00f1os<\/p>\n<\/li>\n<\/ul>\n<h2 data-start=\"1461\" data-end=\"1482\"><strong data-start=\"1464\" data-end=\"1482\">\ud83c\udf38 Temperamento<\/strong><\/h2>\n<p data-start=\"1483\" data-end=\"1718\">El Maltipoo Toy es un <strong data-start=\"1506\" data-end=\"1543\">Perro feliz, tranquilo y muy mimoso<\/strong>, Perfecto para quienes buscan un compa\u00f1ero cari\u00f1oso y leal. Disfruta participando en todas las actividades familiares y se adapta r\u00e1pidamente a cualquier entorno.<\/p>\n<p data-start=\"1803\" data-end=\"2069\">","protected":false},"excerpt":{"rendered":"<p><strong>Ref.: 250269615331883<\/strong><\/p>\n<p data-start=\"211\" data-end=\"536\">EL <strong data-start=\"214\" data-end=\"230\">Maltipoo de juguete<\/strong> Es un peque\u00f1o compa\u00f1ero con un encanto irresistible, reconocido por su dulzura, inteligencia y su apariencia de osito de peluche viviente. Es el resultado del cruce entre un <strong data-start=\"381\" data-end=\"396\">Caniche toy<\/strong> y uno <strong data-start=\"403\" data-end=\"421\">Bich\u00f3n malt\u00e9s<\/strong>, Hereda lo mejor de ambas razas: un pelaje sedoso, un car\u00e1cter cari\u00f1oso y un gran ingenio.<\/p>\n<p data-start=\"538\" data-end=\"794\">Su peque\u00f1o tama\u00f1o lo convierte en un perro ideal para vivir en un apartamento o en la ciudad, a la vez que es robusto y en\u00e9rgico. Gracias a su pelaje hipoalerg\u00e9nico, suave y ligeramente ondulado, el Maltipoo Toy es ideal para personas con alergias.<\/p>\n<p data-start=\"796\" data-end=\"1040\">Sus ojos expresivos, sus orejas delicadamente ca\u00eddas y su fino hocico le confieren una apariencia siempre encantadora. Siempre alegre y muy sociable, le encanta ser el centro de atenci\u00f3n y crea un v\u00ednculo muy fuerte con su familia.<\/p>","protected":false},"featured_media":822,"comment_status":"open","ping_status":"closed","template":"","meta":[],"product_brand":[],"product_cat":[28,25],"product_tag":[35],"class_list":{"0":"post-821","1":"product","2":"type-product","3":"status-publish","4":"has-post-thumbnail","6":"product_cat-male-maltipoo","7":"product_cat-maltipoo","8":"product_tag-maltipoo","10":"first","11":"instock","12":"shipping-taxable","13":"purchasable","14":"product-type-simple"},"_links":{"self":[{"href":"https:\/\/oksanabreeding.com\/es\/wp-json\/wp\/v2\/product\/821","targetHints":{"allow":["GET"]}}],"collection":[{"href":"https:\/\/oksanabreeding.com\/es\/wp-json\/wp\/v2\/product"}],"about":[{"href":"https:\/\/oksanabreeding.com\/es\/wp-json\/wp\/v2\/types\/product"}],"replies":[{"embeddable":true,"href":"https:\/\/oksanabreeding.com\/es\/wp-json\/wp\/v2\/comments?post=821"}],"wp:featuredmedia":[{"embeddable":true,"href":"https:\/\/oksanabreeding.com\/es\/wp-json\/wp\/v2\/media\/822"}],"wp:attachment":[{"href":"https:\/\/oksanabreeding.com\/es\/wp-json\/wp\/v2\/media?parent=821"}],"wp:term":[{"taxonomy":"product_brand","embeddable":true,"href":"https:\/\/oksanabreeding.com\/es\/wp-json\/wp\/v2\/product_brand?post=821"},{"taxonomy":"product_cat","embeddable":true,"href":"https:\/\/oksanabreeding.com\/es\/wp-json\/wp\/v2\/product_cat?post=821"},{"taxonomy":"product_tag","embeddable":true,"href":"https:\/\/oksanabreeding.com\/es\/wp-json\/wp\/v2\/product_tag?post=821"}],"curies":[{"name":"wp","href":"https:\/\/api.w.org\/{rel}","templated":true}]}}