{"id":896,"date":"2026-01-08T21:54:13","date_gmt":"2026-01-08T21:54:13","guid":{"rendered":"https:\/\/oksanabreeding.com\/?post_type=product&#038;p=896"},"modified":"2026-01-08T22:04:39","modified_gmt":"2026-01-08T22:04:39","slug":"spitz-loulou-pomeranian-3","status":"publish","type":"product","link":"https:\/\/oksanabreeding.com\/es\/product\/spitz-loulou-pomeranian-3\/","title":{"rendered":"Spitz, Loulou, Pomerania"},"content":{"rendered":"<p><strong>Ref.: 250269611656246<\/strong><\/p>\n<p data-start=\"68\" data-end=\"470\">Este peque\u00f1o Pomerania Spitz (peso)<\/p>\n<p data-start=\"68\" data-end=\"470\">Adulto: 1,4 kg \u2013 1,7 kg<\/p>\n<p data-start=\"68\" data-end=\"470\">Este cachorro tiene una apariencia sumamente encantadora. Su pelaje es muy denso, suave y voluminoso, formando una especie de peque\u00f1a bola de pelo. Presenta una mezcla de colores c\u00e1lidos: marr\u00f3n claro, leonado y blanco. Su cabeza redonda se acent\u00faa con el pelo m\u00e1s corto alrededor del hocico, con una peque\u00f1a mancha blanca en la frente que realza su expresi\u00f3n dulce.<\/p>","protected":false},"excerpt":{"rendered":"<p><strong>Ref.: 250269611656246<\/strong><\/p>\n<p><strong>Peso adulto: 1,4 kg \u2013 1,7 kg<\/strong><\/p>\n<p data-start=\"68\" data-end=\"470\">Este peque\u00f1o Spitz, Loulou, es un cachorro incre\u00edblemente adorable. Su pelaje es muy denso, suave y voluminoso, formando una especie de bolita de pelo. Presenta una mezcla de colores c\u00e1lidos: marr\u00f3n claro, leonado y blanco. Su cabeza redonda se ve acentuada por el pelo m\u00e1s corto alrededor del hocico, con una peque\u00f1a mancha blanca en la frente que realza su dulce expresi\u00f3n.<\/p>\n<p data-start=\"472\" data-end=\"694\">Sus grandes y brillantes ojos negros le confieren una mirada curiosa y ligeramente t\u00edmida. Sus peque\u00f1as orejas triangulares, erguidas pero parcialmente ocultas por la densidad de su pelaje, realzan a\u00fan m\u00e1s su encanto.<\/p>\n<p data-start=\"472\" data-end=\"694\">Sus grandes y brillantes ojos negros le confieren una mirada curiosa y ligeramente t\u00edmida. Sus peque\u00f1as orejas triangulares, erguidas pero parcialmente ocultas por la densidad de su pelaje, realzan a\u00fan m\u00e1s su encanto.<\/p>\n<p><iframe title=\"Reproductor de v\u00eddeo de YouTube\" src=\"https:\/\/www.youtube.com\/embed\/lSuw8mLr3v4?si=9J9ZpC_vy2HaoxR2\" width=\"560\" height=\"315\" frameborder=\"0\" allowfullscreen=\"allowfullscreen\"><\/iframe><\/p>","protected":false},"featured_media":899,"comment_status":"open","ping_status":"closed","template":"","meta":[],"product_brand":[],"product_cat":[31,23],"product_tag":[32],"class_list":{"0":"post-896","1":"product","2":"type-product","3":"status-publish","4":"has-post-thumbnail","6":"product_cat-female-spitz","7":"product_cat-spitz","8":"product_tag-spitz","10":"first","11":"instock","12":"shipping-taxable","13":"purchasable","14":"product-type-simple"},"_links":{"self":[{"href":"https:\/\/oksanabreeding.com\/es\/wp-json\/wp\/v2\/product\/896","targetHints":{"allow":["GET"]}}],"collection":[{"href":"https:\/\/oksanabreeding.com\/es\/wp-json\/wp\/v2\/product"}],"about":[{"href":"https:\/\/oksanabreeding.com\/es\/wp-json\/wp\/v2\/types\/product"}],"replies":[{"embeddable":true,"href":"https:\/\/oksanabreeding.com\/es\/wp-json\/wp\/v2\/comments?post=896"}],"wp:featuredmedia":[{"embeddable":true,"href":"https:\/\/oksanabreeding.com\/es\/wp-json\/wp\/v2\/media\/899"}],"wp:attachment":[{"href":"https:\/\/oksanabreeding.com\/es\/wp-json\/wp\/v2\/media?parent=896"}],"wp:term":[{"taxonomy":"product_brand","embeddable":true,"href":"https:\/\/oksanabreeding.com\/es\/wp-json\/wp\/v2\/product_brand?post=896"},{"taxonomy":"product_cat","embeddable":true,"href":"https:\/\/oksanabreeding.com\/es\/wp-json\/wp\/v2\/product_cat?post=896"},{"taxonomy":"product_tag","embeddable":true,"href":"https:\/\/oksanabreeding.com\/es\/wp-json\/wp\/v2\/product_tag?post=896"}],"curies":[{"name":"wp","href":"https:\/\/api.w.org\/{rel}","templated":true}]}}