{"id":824,"date":"2025-12-13T22:22:44","date_gmt":"2025-12-13T22:22:44","guid":{"rendered":"https:\/\/oksanabreeding.com\/?page_id=824"},"modified":"2025-12-13T22:35:09","modified_gmt":"2025-12-13T22:35:09","slug":"guide-officiel-alimentation-et-proprete","status":"publish","type":"page","link":"https:\/\/oksanabreeding.com\/it\/guide-officiel-alimentation-et-proprete\/","title":{"rendered":"Guida ufficiale, cibo e igiene"},"content":{"rendered":"<div data-elementor-type=\"wp-page\" data-elementor-id=\"824\" class=\"elementor elementor-824\" data-elementor-post-type=\"page\">\n\t\t\t\t<div class=\"elementor-element elementor-element-b6c7ffe e-flex e-con-boxed e-con e-parent\" data-id=\"b6c7ffe\" data-element_type=\"container\">\n\t\t\t\t\t<div class=\"e-con-inner\">\n\t\t\t\t<div class=\"elementor-element elementor-element-b788990 elementor-widget elementor-widget-heading\" data-id=\"b788990\" data-element_type=\"widget\" data-widget_type=\"heading.default\">\n\t\t\t\t\t<h3 class=\"elementor-heading-title elementor-size-default\">Guida ufficiale alla cura, all&#039;alimentazione e alla pulizia<\/h3>\t\t\t\t<\/div>\n\t\t\t\t\t<\/div>\n\t\t\t\t<\/div>\n\t\t<div class=\"elementor-element elementor-element-2943284 e-flex e-con-boxed e-con e-parent\" data-id=\"2943284\" data-element_type=\"container\">\n\t\t\t\t\t<div class=\"e-con-inner\">\n\t\t\t\t<div class=\"elementor-element elementor-element-4fabedb elementor-widget elementor-widget-text-editor\" data-id=\"4fabedb\" data-element_type=\"widget\" data-widget_type=\"text-editor.default\">\n\t\t\t\t\t\t\t\t\t<p data-start=\"453\" data-end=\"502\">Congratulazioni per aver adottato il tuo cucciolo \ud83d\udc36<\/p><p data-start=\"504\" data-end=\"715\">Questo video ufficiale \u00e8 stato progettato per supportare i nuovi proprietari di <strong data-start=\"587\" data-end=\"612\">cani di piccola taglia<\/strong>, in particolare <strong data-start=\"624\" data-end=\"664\">Maltipoo, Spitz nano e Barboncino nano<\/strong>, durante le prime settimane successive all&#039;adozione.<\/p><p data-start=\"717\" data-end=\"947\">Troverai l\u00ec <strong data-start=\"738\" data-end=\"801\">istruzioni essenziali per la manutenzione, la cura e l&#039;istruzione<\/strong>, specificamente adattato ai cuccioli di taglia molto piccola, le cui esigenze fisiologiche ed emotive richiedono un&#039;attenzione particolare.<\/p><p data-start=\"949\" data-end=\"992\">In questo video parleremo, tra le altre cose:<\/p><ul data-start=\"993\" data-end=\"1433\"><li data-start=\"993\" data-end=\"1067\"><p data-start=\"995\" data-end=\"1067\">IL <strong data-start=\"999\" data-end=\"1020\">prime uscite<\/strong> e il graduale adattamento alla temperatura<\/p><\/li><li data-start=\"1068\" data-end=\"1145\"><p data-start=\"1070\" data-end=\"1145\">Le regole di<strong data-start=\"1083\" data-end=\"1099\">cibo<\/strong>senza dolcetti durante il periodo iniziale<\/p><\/li><li data-start=\"1146\" data-end=\"1212\"><p data-start=\"1148\" data-end=\"1212\">L\u00e0 <strong data-start=\"1151\" data-end=\"1181\">frequenza ideale dei pasti<\/strong> per un cucciolo di piccola taglia<\/p><\/li><li data-start=\"1213\" data-end=\"1282\"><p data-start=\"1215\" data-end=\"1282\">I metodi consigliati per<strong data-start=\"1248\" data-end=\"1280\">addestramento al vasino<\/strong><\/p><\/li><li data-start=\"1283\" data-end=\"1348\"><p data-start=\"1285\" data-end=\"1348\">L&#039;importanza di un ambiente <strong data-start=\"1317\" data-end=\"1346\">calmo, stabile e sicuro<\/strong><\/p><\/li><li data-start=\"1349\" data-end=\"1433\"><p data-start=\"1351\" data-end=\"1433\">Gli impegni essenziali per garantire la <strong data-start=\"1399\" data-end=\"1433\">salute e benessere del cucciolo<\/strong><\/p><\/li><\/ul><p data-start=\"1435\" data-end=\"1566\">\u26a0\ufe0f Il mancato rispetto di queste raccomandazioni pu\u00f2 causare problemi digestivi, stress o complicazioni di salute evitabili.<\/p><p data-start=\"1568\" data-end=\"1752\">Questo video \u00e8 per tutti gli acquirenti che desiderano dare al loro cucciolo <strong data-start=\"1650\" data-end=\"1692\">migliori condizioni di sviluppo<\/strong>, in un approccio responsabile e rispettoso verso l&#039;animale.<\/p><p data-start=\"1754\" data-end=\"1846\">\ud83d\udccc Video didattico da conservare e consultare regolarmente durante le prime settimane.<\/p>\t\t\t\t\t\t\t\t<\/div>\n\t\t\t\t<div class=\"elementor-element elementor-element-c23a7af elementor-widget elementor-widget-video\" data-id=\"c23a7af\" data-element_type=\"widget\" data-settings=\"{&quot;youtube_url&quot;:&quot;https:\\\/\\\/youtu.be\\\/9prO7qeKSdQ&quot;,&quot;autoplay&quot;:&quot;yes&quot;,&quot;play_on_mobile&quot;:&quot;yes&quot;,&quot;loop&quot;:&quot;yes&quot;,&quot;video_type&quot;:&quot;youtube&quot;,&quot;controls&quot;:&quot;yes&quot;}\" data-widget_type=\"video.default\">\n\t\t\t\t\t\t\t<div class=\"elementor-wrapper elementor-open-inline\">\n\t\t\t<div class=\"elementor-video\"><\/div>\t\t<\/div>\n\t\t\t\t\t\t<\/div>\n\t\t\t\t\t<\/div>\n\t\t\t\t<\/div>\n\t\t\t\t<\/div>","protected":false},"excerpt":{"rendered":"<p>Guide officiel d\u2019entretien, alimentation et propret\u00e9 F\u00e9licitations pour l\u2019adoption de votre chiot \ud83d\udc36 Cette vid\u00e9o officielle a \u00e9t\u00e9 con\u00e7ue pour accompagner les nouveaux propri\u00e9taires de chiens<span class=\"excerpt-hellip\"> [\u2026]<\/span><\/p>","protected":false},"author":1,"featured_media":0,"parent":0,"menu_order":0,"comment_status":"closed","ping_status":"closed","template":"","meta":{"footnotes":""},"class_list":["post-824","page","type-page","status-publish","hentry"],"_links":{"self":[{"href":"https:\/\/oksanabreeding.com\/it\/wp-json\/wp\/v2\/pages\/824","targetHints":{"allow":["GET"]}}],"collection":[{"href":"https:\/\/oksanabreeding.com\/it\/wp-json\/wp\/v2\/pages"}],"about":[{"href":"https:\/\/oksanabreeding.com\/it\/wp-json\/wp\/v2\/types\/page"}],"author":[{"embeddable":true,"href":"https:\/\/oksanabreeding.com\/it\/wp-json\/wp\/v2\/users\/1"}],"replies":[{"embeddable":true,"href":"https:\/\/oksanabreeding.com\/it\/wp-json\/wp\/v2\/comments?post=824"}],"version-history":[{"count":5,"href":"https:\/\/oksanabreeding.com\/it\/wp-json\/wp\/v2\/pages\/824\/revisions"}],"predecessor-version":[{"id":832,"href":"https:\/\/oksanabreeding.com\/it\/wp-json\/wp\/v2\/pages\/824\/revisions\/832"}],"wp:attachment":[{"href":"https:\/\/oksanabreeding.com\/it\/wp-json\/wp\/v2\/media?parent=824"}],"curies":[{"name":"parola chiave","href":"https:\/\/api.w.org\/{rel}","templated":true}]}}