{"id":824,"date":"2025-12-13T22:22:44","date_gmt":"2025-12-13T22:22:44","guid":{"rendered":"https:\/\/oksanabreeding.com\/?page_id=824"},"modified":"2025-12-13T22:35:09","modified_gmt":"2025-12-13T22:35:09","slug":"guide-officiel-alimentation-et-proprete","status":"publish","type":"page","link":"https:\/\/oksanabreeding.com\/ru\/guide-officiel-alimentation-et-proprete\/","title":{"rendered":"\u041e\u0444\u0438\u0446\u0438\u0430\u043b\u044c\u043d\u044b\u0439 \u0441\u043f\u0440\u0430\u0432\u043e\u0447\u043d\u0438\u043a \u043f\u043e \u043f\u0438\u0442\u0430\u043d\u0438\u044e \u0438 \u0433\u0438\u0433\u0438\u0435\u043d\u0435"},"content":{"rendered":"<div data-elementor-type=\"wp-page\" data-elementor-id=\"824\" class=\"elementor elementor-824\" data-elementor-post-type=\"page\">\n\t\t\t\t<div class=\"elementor-element elementor-element-b6c7ffe e-flex e-con-boxed e-con e-parent\" data-id=\"b6c7ffe\" data-element_type=\"container\">\n\t\t\t\t\t<div class=\"e-con-inner\">\n\t\t\t\t<div class=\"elementor-element elementor-element-b788990 elementor-widget elementor-widget-heading\" data-id=\"b788990\" data-element_type=\"widget\" data-widget_type=\"heading.default\">\n\t\t\t\t\t<h3 class=\"elementor-heading-title elementor-size-default\">\u041e\u0444\u0438\u0446\u0438\u0430\u043b\u044c\u043d\u043e\u0435 \u0440\u0443\u043a\u043e\u0432\u043e\u0434\u0441\u0442\u0432\u043e \u043f\u043e \u0443\u0445\u043e\u0434\u0443, \u043a\u043e\u0440\u043c\u043b\u0435\u043d\u0438\u044e \u0438 \u0447\u0438\u0441\u0442\u043e\u0442\u0435.<\/h3>\t\t\t\t<\/div>\n\t\t\t\t\t<\/div>\n\t\t\t\t<\/div>\n\t\t<div class=\"elementor-element elementor-element-2943284 e-flex e-con-boxed e-con e-parent\" data-id=\"2943284\" data-element_type=\"container\">\n\t\t\t\t\t<div class=\"e-con-inner\">\n\t\t\t\t<div class=\"elementor-element elementor-element-4fabedb elementor-widget elementor-widget-text-editor\" data-id=\"4fabedb\" data-element_type=\"widget\" data-widget_type=\"text-editor.default\">\n\t\t\t\t\t\t\t\t\t<p data-start=\"453\" data-end=\"502\">\u041f\u043e\u0437\u0434\u0440\u0430\u0432\u043b\u044f\u0435\u043c \u0441 \u0442\u0435\u043c, \u0447\u0442\u043e \u0432\u044b \u0432\u0437\u044f\u043b\u0438 \u0449\u0435\u043d\u043a\u0430 \u0438\u0437 \u043f\u0440\u0438\u044e\u0442\u0430! \ud83d\udc36<\/p><p data-start=\"504\" data-end=\"715\">\u042d\u0442\u043e \u043e\u0444\u0438\u0446\u0438\u0430\u043b\u044c\u043d\u043e\u0435 \u0432\u0438\u0434\u0435\u043e \u0431\u044b\u043b\u043e \u0441\u043e\u0437\u0434\u0430\u043d\u043e \u0434\u043b\u044f \u043f\u043e\u0434\u0434\u0435\u0440\u0436\u043a\u0438 \u043d\u043e\u0432\u044b\u0445 \u0432\u043b\u0430\u0434\u0435\u043b\u044c\u0446\u0435\u0432. <strong data-start=\"587\" data-end=\"612\">\u0441\u043e\u0431\u0430\u043a\u0438 \u043c\u0435\u043b\u043a\u0438\u0445 \u043f\u043e\u0440\u043e\u0434<\/strong>, \u0432 \u0447\u0430\u0441\u0442\u043d\u043e\u0441\u0442\u0438 <strong data-start=\"624\" data-end=\"664\">\u041c\u0430\u043b\u044c\u0442\u0438\u043f\u0443, \u043c\u0438\u043d\u0438\u0430\u0442\u044e\u0440\u043d\u044b\u0439 \u0448\u043f\u0438\u0446, \u043c\u0438\u043d\u0438\u0430\u0442\u044e\u0440\u043d\u044b\u0439 \u043f\u0443\u0434\u0435\u043b\u044c<\/strong>\u0432 \u0442\u0435\u0447\u0435\u043d\u0438\u0435 \u043f\u0435\u0440\u0432\u044b\u0445 \u043d\u0435\u0441\u043a\u043e\u043b\u044c\u043a\u0438\u0445 \u043d\u0435\u0434\u0435\u043b\u044c \u043f\u043e\u0441\u043b\u0435 \u0443\u0441\u044b\u043d\u043e\u0432\u043b\u0435\u043d\u0438\u044f.<\/p><p data-start=\"717\" data-end=\"947\">\u0412\u044b \u043d\u0430\u0439\u0434\u0435\u0442\u0435 \u0442\u0430\u043c <strong data-start=\"738\" data-end=\"801\">\u041e\u0441\u043d\u043e\u0432\u043d\u044b\u0435 \u0438\u043d\u0441\u0442\u0440\u0443\u043a\u0446\u0438\u0438 \u043f\u043e \u0442\u0435\u0445\u043d\u0438\u0447\u0435\u0441\u043a\u043e\u043c\u0443 \u043e\u0431\u0441\u043b\u0443\u0436\u0438\u0432\u0430\u043d\u0438\u044e, \u0443\u0445\u043e\u0434\u0443 \u0438 \u043e\u0431\u0443\u0447\u0435\u043d\u0438\u044e.<\/strong>\u0441\u043f\u0435\u0446\u0438\u0430\u043b\u044c\u043d\u043e \u0430\u0434\u0430\u043f\u0442\u0438\u0440\u043e\u0432\u0430\u043d\u043e \u0434\u043b\u044f \u0449\u0435\u043d\u043a\u043e\u0432 \u043e\u0447\u0435\u043d\u044c \u043c\u0430\u043b\u0435\u043d\u044c\u043a\u0438\u0445 \u043f\u043e\u0440\u043e\u0434, \u0447\u044c\u0438 \u0444\u0438\u0437\u0438\u043e\u043b\u043e\u0433\u0438\u0447\u0435\u0441\u043a\u0438\u0435 \u0438 \u044d\u043c\u043e\u0446\u0438\u043e\u043d\u0430\u043b\u044c\u043d\u044b\u0435 \u043f\u043e\u0442\u0440\u0435\u0431\u043d\u043e\u0441\u0442\u0438 \u0442\u0440\u0435\u0431\u0443\u044e\u0442 \u043e\u0441\u043e\u0431\u043e\u0433\u043e \u0432\u043d\u0438\u043c\u0430\u043d\u0438\u044f.<\/p><p data-start=\"949\" data-end=\"992\">\u0412 \u044d\u0442\u043e\u043c \u0432\u0438\u0434\u0435\u043e \u043c\u044b \u043e\u0431\u0441\u0443\u0434\u0438\u043c, \u043f\u043e\u043c\u0438\u043c\u043e \u043f\u0440\u043e\u0447\u0435\u0433\u043e:<\/p><ul data-start=\"993\" data-end=\"1433\"><li data-start=\"993\" data-end=\"1067\"><p data-start=\"995\" data-end=\"1067\">\u0422\u0415 <strong data-start=\"999\" data-end=\"1020\">\u043f\u0435\u0440\u0432\u044b\u0435 \u0432\u044b\u0445\u043e\u0434\u044b<\/strong> \u0438 \u043f\u043e\u0441\u0442\u0435\u043f\u0435\u043d\u043d\u0430\u044f \u0430\u0434\u0430\u043f\u0442\u0430\u0446\u0438\u044f \u043a \u0442\u0435\u043c\u043f\u0435\u0440\u0430\u0442\u0443\u0440\u0435<\/p><\/li><li data-start=\"1068\" data-end=\"1145\"><p data-start=\"1070\" data-end=\"1145\">\u041f\u0440\u0430\u0432\u0438\u043b\u0430<strong data-start=\"1083\" data-end=\"1099\">\u0435\u0434\u0430<\/strong>\u0431\u0435\u0437 \u0443\u0433\u043e\u0449\u0435\u043d\u0438\u0439 \u0432 \u043d\u0430\u0447\u0430\u043b\u044c\u043d\u044b\u0439 \u043f\u0435\u0440\u0438\u043e\u0434<\/p><\/li><li data-start=\"1146\" data-end=\"1212\"><p data-start=\"1148\" data-end=\"1212\">\u0422\u0430\u043c <strong data-start=\"1151\" data-end=\"1181\">\u0438\u0434\u0435\u0430\u043b\u044c\u043d\u0430\u044f \u0447\u0430\u0441\u0442\u043e\u0442\u0430 \u043f\u0440\u0438\u0435\u043c\u0430 \u043f\u0438\u0449\u0438<\/strong> \u0434\u043b\u044f \u0449\u0435\u043d\u043a\u0430 \u043c\u0435\u043b\u043a\u043e\u0439 \u043f\u043e\u0440\u043e\u0434\u044b<\/p><\/li><li data-start=\"1213\" data-end=\"1282\"><p data-start=\"1215\" data-end=\"1282\">\u0420\u0435\u043a\u043e\u043c\u0435\u043d\u0434\u0443\u0435\u043c\u044b\u0435 \u043c\u0435\u0442\u043e\u0434\u044b \u0434\u043b\u044f<strong data-start=\"1248\" data-end=\"1280\">\u043f\u0440\u0438\u0443\u0447\u0435\u043d\u0438\u0435 \u043a \u0442\u0443\u0430\u043b\u0435\u0442\u0443<\/strong><\/p><\/li><li data-start=\"1283\" data-end=\"1348\"><p data-start=\"1285\" data-end=\"1348\">\u0412\u0430\u0436\u043d\u043e\u0441\u0442\u044c \u043e\u043a\u0440\u0443\u0436\u0430\u044e\u0449\u0435\u0439 \u0441\u0440\u0435\u0434\u044b <strong data-start=\"1317\" data-end=\"1346\">\u0441\u043f\u043e\u043a\u043e\u0439\u043d\u044b\u0439, \u0441\u0442\u0430\u0431\u0438\u043b\u044c\u043d\u044b\u0439 \u0438 \u0431\u0435\u0437\u043e\u043f\u0430\u0441\u043d\u044b\u0439<\/strong><\/p><\/li><li data-start=\"1349\" data-end=\"1433\"><p data-start=\"1351\" data-end=\"1433\">\u041e\u0441\u043d\u043e\u0432\u043d\u044b\u0435 \u043e\u0431\u044f\u0437\u0430\u0442\u0435\u043b\u044c\u0441\u0442\u0432\u0430 \u043f\u043e \u043e\u0431\u0435\u0441\u043f\u0435\u0447\u0435\u043d\u0438\u044e <strong data-start=\"1399\" data-end=\"1433\">\u0437\u0434\u043e\u0440\u043e\u0432\u044c\u0435 \u0438 \u0431\u043b\u0430\u0433\u043e\u043f\u043e\u043b\u0443\u0447\u0438\u0435 \u0449\u0435\u043d\u043a\u043e\u0432<\/strong><\/p><\/li><\/ul><p data-start=\"1435\" data-end=\"1566\">\u26a0\ufe0f \u041d\u0435\u0441\u043e\u0431\u043b\u044e\u0434\u0435\u043d\u0438\u0435 \u044d\u0442\u0438\u0445 \u0440\u0435\u043a\u043e\u043c\u0435\u043d\u0434\u0430\u0446\u0438\u0439 \u043c\u043e\u0436\u0435\u0442 \u043f\u0440\u0438\u0432\u0435\u0441\u0442\u0438 \u043a \u043f\u0440\u043e\u0431\u043b\u0435\u043c\u0430\u043c \u0441 \u043f\u0438\u0449\u0435\u0432\u0430\u0440\u0435\u043d\u0438\u0435\u043c, \u0441\u0442\u0440\u0435\u0441\u0441\u0443 \u0438\u043b\u0438 \u043f\u0440\u0435\u0434\u043e\u0442\u0432\u0440\u0430\u0442\u0438\u043c\u044b\u043c \u043e\u0441\u043b\u043e\u0436\u043d\u0435\u043d\u0438\u044f\u043c \u0434\u043b\u044f \u0437\u0434\u043e\u0440\u043e\u0432\u044c\u044f.<\/p><p data-start=\"1568\" data-end=\"1752\">\u042d\u0442\u043e \u0432\u0438\u0434\u0435\u043e \u043f\u0440\u0435\u0434\u043d\u0430\u0437\u043d\u0430\u0447\u0435\u043d\u043e \u0434\u043b\u044f \u0432\u0441\u0435\u0445 \u043f\u043e\u043a\u0443\u043f\u0430\u0442\u0435\u043b\u0435\u0439, \u0436\u0435\u043b\u0430\u044e\u0449\u0438\u0445 \u043f\u043e\u0434\u0430\u0440\u0438\u0442\u044c \u0441\u0432\u043e\u0435\u043c\u0443 \u0449\u0435\u043d\u043a\u0443... <strong data-start=\"1650\" data-end=\"1692\">\u043b\u0443\u0447\u0448\u0438\u0435 \u0443\u0441\u043b\u043e\u0432\u0438\u044f \u0440\u0430\u0437\u0432\u0438\u0442\u0438\u044f<\/strong>\u0441 \u043e\u0442\u0432\u0435\u0442\u0441\u0442\u0432\u0435\u043d\u043d\u044b\u043c \u0438 \u0443\u0432\u0430\u0436\u0438\u0442\u0435\u043b\u044c\u043d\u044b\u043c \u043e\u0442\u043d\u043e\u0448\u0435\u043d\u0438\u0435\u043c \u043a \u0436\u0438\u0432\u043e\u0442\u043d\u043e\u043c\u0443.<\/p><p data-start=\"1754\" data-end=\"1846\">\ud83d\udccc \u041e\u0431\u0443\u0447\u0430\u044e\u0449\u0435\u0435 \u0432\u0438\u0434\u0435\u043e, \u043a\u043e\u0442\u043e\u0440\u043e\u0435 \u0441\u043b\u0435\u0434\u0443\u0435\u0442 \u0441\u043e\u0445\u0440\u0430\u043d\u0438\u0442\u044c \u0438 \u0440\u0435\u0433\u0443\u043b\u044f\u0440\u043d\u043e \u043f\u0440\u043e\u0441\u043c\u0430\u0442\u0440\u0438\u0432\u0430\u0442\u044c \u0432 \u0442\u0435\u0447\u0435\u043d\u0438\u0435 \u043f\u0435\u0440\u0432\u044b\u0445 \u043d\u0435\u0441\u043a\u043e\u043b\u044c\u043a\u0438\u0445 \u043d\u0435\u0434\u0435\u043b\u044c.<\/p>\t\t\t\t\t\t\t\t<\/div>\n\t\t\t\t<div class=\"elementor-element elementor-element-c23a7af elementor-widget elementor-widget-video\" data-id=\"c23a7af\" data-element_type=\"widget\" data-settings=\"{&quot;youtube_url&quot;:&quot;https:\\\/\\\/youtu.be\\\/9prO7qeKSdQ&quot;,&quot;autoplay&quot;:&quot;yes&quot;,&quot;play_on_mobile&quot;:&quot;yes&quot;,&quot;loop&quot;:&quot;yes&quot;,&quot;video_type&quot;:&quot;youtube&quot;,&quot;controls&quot;:&quot;yes&quot;}\" data-widget_type=\"video.default\">\n\t\t\t\t\t\t\t<div class=\"elementor-wrapper elementor-open-inline\">\n\t\t\t<div class=\"elementor-video\"><\/div>\t\t<\/div>\n\t\t\t\t\t\t<\/div>\n\t\t\t\t\t<\/div>\n\t\t\t\t<\/div>\n\t\t\t\t<\/div>","protected":false},"excerpt":{"rendered":"<p>Guide officiel d\u2019entretien, alimentation et propret\u00e9 F\u00e9licitations pour l\u2019adoption de votre chiot \ud83d\udc36 Cette vid\u00e9o officielle a \u00e9t\u00e9 con\u00e7ue pour accompagner les nouveaux propri\u00e9taires de chiens<span class=\"excerpt-hellip\"> [\u2026]<\/span><\/p>","protected":false},"author":1,"featured_media":0,"parent":0,"menu_order":0,"comment_status":"closed","ping_status":"closed","template":"","meta":{"footnotes":""},"class_list":["post-824","page","type-page","status-publish","hentry"],"_links":{"self":[{"href":"https:\/\/oksanabreeding.com\/ru\/wp-json\/wp\/v2\/pages\/824","targetHints":{"allow":["GET"]}}],"collection":[{"href":"https:\/\/oksanabreeding.com\/ru\/wp-json\/wp\/v2\/pages"}],"about":[{"href":"https:\/\/oksanabreeding.com\/ru\/wp-json\/wp\/v2\/types\/page"}],"author":[{"embeddable":true,"href":"https:\/\/oksanabreeding.com\/ru\/wp-json\/wp\/v2\/users\/1"}],"replies":[{"embeddable":true,"href":"https:\/\/oksanabreeding.com\/ru\/wp-json\/wp\/v2\/comments?post=824"}],"version-history":[{"count":5,"href":"https:\/\/oksanabreeding.com\/ru\/wp-json\/wp\/v2\/pages\/824\/revisions"}],"predecessor-version":[{"id":832,"href":"https:\/\/oksanabreeding.com\/ru\/wp-json\/wp\/v2\/pages\/824\/revisions\/832"}],"wp:attachment":[{"href":"https:\/\/oksanabreeding.com\/ru\/wp-json\/wp\/v2\/media?parent=824"}],"curies":[{"name":"WP","href":"https:\/\/api.w.org\/{rel}","templated":true}]}}